{"id":2,"date":"2019-08-20T12:25:46","date_gmt":"2019-08-20T12:25:46","guid":{"rendered":"http:\/\/localhost\/wordpress\/?page_id=2"},"modified":"2024-09-10T13:29:38","modified_gmt":"2024-09-10T13:29:38","slug":"sample-page","status":"publish","type":"page","link":"https:\/\/www.agasallo.cz\/","title":{"rendered":"Agasallo.cz"},"content":{"rendered":"\n<div class=\"wp-block-columns has-2-columns cols-1-2 is-layout-flex wp-container-core-columns-is-layout-1 wp-block-columns-is-layout-flex\">\n<div class=\"wp-block-column is-layout-flow wp-block-column-is-layout-flow\" style=\"flex-basis:250px\">\n<figure class=\"wp-block-image is-style-default\"><img loading=\"lazy\" decoding=\"async\" width=\"700\" height=\"649\" src=\"http:\/\/www.agasallo.cz\/wp-content\/uploads\/2022\/05\/Agasallo-ONLY-logo-v2022-final-800x800_v5-700x649.jpg\" alt=\"\" class=\"wp-image-213\" srcset=\"https:\/\/www.agasallo.cz\/wp-content\/uploads\/2022\/05\/Agasallo-ONLY-logo-v2022-final-800x800_v5-700x649.jpg 700w, https:\/\/www.agasallo.cz\/wp-content\/uploads\/2022\/05\/Agasallo-ONLY-logo-v2022-final-800x800_v5-250x232.jpg 250w, https:\/\/www.agasallo.cz\/wp-content\/uploads\/2022\/05\/Agasallo-ONLY-logo-v2022-final-800x800_v5-768x712.jpg 768w, https:\/\/www.agasallo.cz\/wp-content\/uploads\/2022\/05\/Agasallo-ONLY-logo-v2022-final-800x800_v5-120x111.jpg 120w, https:\/\/www.agasallo.cz\/wp-content\/uploads\/2022\/05\/Agasallo-ONLY-logo-v2022-final-800x800_v5.jpg 800w\" sizes=\"(max-width: 700px) 100vw, 700px\" \/><\/figure>\n\n\n\n<p><\/p>\n<\/div>\n\n\n\n<div class=\"wp-block-column is-layout-flow wp-block-column-is-layout-flow\">\n<ul class=\"wp-block-list nav\">\n<li><a href=\"javascript:void(0);\" data-type=\"URL\" data-id=\"javascript:void(0);\">|&nbsp;O&nbsp;n\u00e1s&nbsp;|<\/a><\/li>\n\n\n\n<li><a data-scrollto=\"service\" href=\"javascript:void(0);\">|&nbsp;Slu\u017eby&nbsp;|<\/a><\/li>\n\n\n\n<li><a data-scrollto=\"contact\" href=\"javascript:void(0);\">|&nbsp;Kontakt&nbsp;|<\/a><\/li>\n<\/ul>\n\n\n\n<p class=\"col-2\"><\/p>\n<\/div>\n<\/div>\n\n\n\n<div class=\"wp-block-columns has-2-columns is-layout-flex wp-container-core-columns-is-layout-2 wp-block-columns-is-layout-flex\">\n<div class=\"wp-block-column is-layout-flow wp-block-column-is-layout-flow\">\n<h2 class=\"wp-block-heading has-text-color\" id=\"about\" style=\"color:#15ba46\">O n\u00e1s |<\/h2>\n\n\n\n<ul class=\"wp-block-list\">\n<li>dod\u00e1vky v oblasti konzulta\u010dn\u00edch slu\u017eeb v IT<\/li>\n\n\n\n<li>v\u00fdvoj IT \u0159e\u0161en\u00ed na zak\u00e1zku<\/li>\n\n\n\n<li>dod\u00e1vek projektov\u00fdch kapacit a cel\u00fdch IT t\u00fdm\u016f<\/li>\n\n\n\n<li>anal\u00fdzy, veden\u00ed a testov\u00e1n\u00ed projekt\u016f<\/li>\n\n\n\n<li>anal\u00fdzy a optimalizace podnikov\u00fdch proces\u016f<\/li>\n<\/ul>\n\n\n\n<h2 class=\"wp-block-heading has-text-color\" id=\"service\" style=\"color:#15ba46\">Slu\u017eby |<\/h2>\n\n\n\n<p>Projektov\u00e9 konzultace jsou komplexn\u00ed slu\u017ebou ur\u010denou pro firmy a instituce, kter\u00e9 p\u0159ipravuj\u00ed projekty v oboru IT nebo nejsou spokojeni s dosavadn\u00edm v\u00fdvojem sv\u00e9ho IT a hledaj\u00ed zp\u016fsoby zefektivn\u011bn\u00ed IT ve firm\u011b p\u0159\u00edpadn\u011b v organizaci.<\/p>\n\n\n\n<p>Pom\u016f\u017eeme v\u00e1m s organizac\u00ed, pl\u00e1nov\u00e1n\u00edm a \u0159\u00edzen\u00edm v\u00fdvojov\u00e9ho procesu va\u0161eho IT od po\u010d\u00e1tku projekt\u016f a anal\u00fdzy a\u017e po dod\u00e1n\u00ed do produkce a n\u00e1sledn\u00fd provoz a \u00fadr\u017ebu.<\/p>\n<\/div>\n\n\n\n<div class=\"wp-block-column is-layout-flow wp-block-column-is-layout-flow\">\n<figure class=\"wp-block-image size-full is-resized is-style-rounded\"><img loading=\"lazy\" decoding=\"async\" width=\"658\" height=\"684\" src=\"https:\/\/www.agasallo.cz\/wp-content\/uploads\/2021\/10\/pc.jpeg\" alt=\"\" class=\"wp-image-166\" style=\"width:329px;height:342px\" srcset=\"https:\/\/www.agasallo.cz\/wp-content\/uploads\/2021\/10\/pc.jpeg 658w, https:\/\/www.agasallo.cz\/wp-content\/uploads\/2021\/10\/pc-250x260.jpeg 250w, https:\/\/www.agasallo.cz\/wp-content\/uploads\/2021\/10\/pc-120x125.jpeg 120w\" sizes=\"(max-width: 658px) 100vw, 658px\" \/><\/figure>\n<\/div>\n<\/div>\n\n\n<h3>Slu\u017eby v oblasti IT zahrnuj\u00ed p\u0159edev\u0161\u00edm |<\/h3>\n<ul>\n<li>p\u0159\u00edpravu projektov\u00e9 dokumentace<\/li>\n<li>anal\u00fdzu projektu<\/li>\n<li>vytvo\u0159en\u00ed zad\u00e1n\u00ed pro program\u00e1tory a dal\u0161\u00ed odborn\u00e9 IT profese<\/li>\n<li>odborn\u00fd dohled pro ve\u0161kerou odv\u00e1d\u011bnou pr\u00e1ci, p\u0159\u00edpadn\u011b i pr\u00e1ci t\u0159et\u00edch stran<\/li>\n<li>kontrolu dodr\u017eov\u00e1n\u00ed harmonogramu<\/li>\n<li>testov\u00e1n\u00ed projekt\u016f<\/li>\n<li>\u00fadr\u017ebu a maintenance dokon\u010den\u00fdch projekt\u016f<\/li>\n<li>dal\u0161\u00ed nebo kombinace uveden\u00e9ho<\/li>\n<li>zak\u00e1zkov\u00e9 projekty<\/li>\n<\/ul>\n<h3>Realizace SW projekt\u016f |<\/h3>\n<p>Nab\u00edz\u00edme v\u00e1m komplexn\u00ed slu\u017eby v oblasti dod\u00e1vky stejn\u011b jako v\u00fdvoje softwaru. M\u00e1me zku\u0161enosti s \u0159\u00edzen\u00edm, tvorbou zad\u00e1n\u00ed, anal\u00fdzou po\u017eadavk\u016f a identifikac\u00ed pot\u0159eb va\u0161eho IT, va\u0161ich IT projekt\u016f, rozvoje IT a\u017e po datov\u00e9 anal\u00fdzy a n\u00e1stroje Business Intelligence &#8211; to v\u0161e s mnohaletou zku\u0161enost\u00ed v IT pro B2B. Pom\u016f\u017eeme v\u00e1m s n\u00e1vrhem vhodn\u00e9ho \u0159e\u0161en\u00ed, v\u00fdvojem a n\u00e1slednou implementac\u00ed \u010di integrac\u00ed do st\u00e1vaj\u00edc\u00edho prost\u0159ed\u00ed. Jsme schopni zajistit kvalitu a testov\u00e1n\u00ed, nasazen\u00ed a p\u0159ed\u00e1n\u00ed do provozu a samoz\u0159ejm\u011b i s podporou stejn\u011b jako d\u00edl\u010d\u00edm rozvojem IT projekt\u016f. P\u0159i n\u00e1vrhu \u0159e\u0161en\u00ed se sna\u017e\u00edme vyu\u017e\u00edvat ji\u017e hotov\u00fdch produkt\u016f, kter\u00e9 vhodn\u011b zapadaj\u00ed do st\u00e1vaj\u00edc\u00ed infrastruktury u z\u00e1kazn\u00edka, ale neboj\u00edme se ani v\u00fdvoje na zelen\u00e9 louce.<\/p>\n<h3>Outsourcing |<\/h3>\n<p>Chcete se zam\u011b\u0159it na sv\u016fj business a nenechat se brzdit v\u00fdvojem \u010di provozem aplikac\u00ed? Jsme p\u0159ipraveni pro v\u00e1s zajistit outsourcing v\u00fdvoje, podpory, cel\u00e9ho IT a\u0165 u\u017e formou nearshore nebo offshore centra. Postav\u00edme zcela nov\u00fd t\u00fdm p\u0159\u00edpadn\u011b p\u0159evezmeme existuj\u00edc\u00ed zam\u011bstnance, zajist\u00edme nezbytnou infrastrukturu i procesy od p\u0159evzet\u00ed a\u017e po reporting. Ve spolupr\u00e1ci s na\u0161imi konzultanty jsme schopni zajistit po\u017eadovanou kvalitu a znalosti jednotliv\u00fdch \u010dlen\u016f t\u00fdmu a vytvo\u0159it vhodn\u00e9 podm\u00ednky pro adaptaci nov\u00fdch \u010dlen\u016f. Disponujeme vlastn\u00ed s\u00edt\u00ed IT odborn\u00edk\u016f, kterou neust\u00e1le spravujeme a rozv\u00edj\u00edme.<\/p>\n<h2 id=\"contact\"><span style=\"color: #15ba46;\">Kontakt |<\/span><\/h2>\n\n\n<div class=\"wp-block-columns has-2-columns is-layout-flex wp-container-core-columns-is-layout-3 wp-block-columns-is-layout-flex\">\n<div class=\"wp-block-column is-layout-flow wp-block-column-is-layout-flow\">\n<p>Agasallo consulting s.r.o.<br>\u0160t\u011btkova 1638\/18<br>140 00  Praha 4 &#8211; Nusle<\/p>\n<\/div>\n\n\n\n<div class=\"wp-block-column is-layout-flow wp-block-column-is-layout-flow\">\n<p>I\u010cO: 11660309<br>DI\u010c: CZ<meta charset=\"utf-8\">11660309<br>e-mail: info (zavin\u00e1\u010d) agasallo.cz<\/p>\n<\/div>\n<\/div>\n\n\n\n<iframe src=\"https:\/\/www.google.com\/maps\/embed?pb=!1m18!1m12!1m3!1d2561.4175979205943!2d14.427782776337752!3d50.05974051541902!2m3!1f0!2f0!3f0!3m2!1i1024!2i768!4f13.1!3m3!1m2!1s0x470b94654c9ac79b%3A0x757260f14c211519!2s%C5%A0t%C4%9Btkova%201638%2F18%2C%20140%2000%20Prag-Nusle!5e0!3m2!1scs!2scz!4v1725974344754!5m2!1scs!2scz\" width=\"825\" height=\"350\" style=\"border:0;\" allowfullscreen=\"\" loading=\"lazy\" referrerpolicy=\"no-referrer-when-downgrade\"><\/iframe>\n","protected":false},"excerpt":{"rendered":"O n\u00e1s | Slu\u017eby | Projektov\u00e9 konzultace jsou komplexn\u00ed slu\u017ebou ur\u010denou pro firmy a instituce, kter\u00e9 p\u0159ipravuj\u00ed projekty v oboru IT nebo nejsou spokojeni s dosavadn\u00edm v\u00fdvojem sv\u00e9ho IT a hledaj\u00ed zp\u016fsoby zefektivn\u011bn\u00ed IT ve firm\u011b p\u0159\u00edpadn\u011b v organizaci. Pom\u016f\u017eeme v\u00e1m s organizac\u00ed, pl\u00e1nov\u00e1n\u00edm a \u0159\u00edzen\u00edm v\u00fdvojov\u00e9ho procesu va\u0161eho IT od po\u010d\u00e1tku projekt\u016f a anal\u00fdzy&#8230; <a class=\"view-article\" href=\"https:\/\/www.agasallo.cz\/\">View Article<\/a>","protected":false},"author":1,"featured_media":0,"parent":0,"menu_order":0,"comment_status":"closed","ping_status":"open","template":"","meta":{"footnotes":""},"class_list":["post-2","page","type-page","status-publish","hentry"],"_links":{"self":[{"href":"https:\/\/www.agasallo.cz\/index.php?rest_route=\/wp\/v2\/pages\/2"}],"collection":[{"href":"https:\/\/www.agasallo.cz\/index.php?rest_route=\/wp\/v2\/pages"}],"about":[{"href":"https:\/\/www.agasallo.cz\/index.php?rest_route=\/wp\/v2\/types\/page"}],"author":[{"embeddable":true,"href":"https:\/\/www.agasallo.cz\/index.php?rest_route=\/wp\/v2\/users\/1"}],"replies":[{"embeddable":true,"href":"https:\/\/www.agasallo.cz\/index.php?rest_route=%2Fwp%2Fv2%2Fcomments&post=2"}],"version-history":[{"count":83,"href":"https:\/\/www.agasallo.cz\/index.php?rest_route=\/wp\/v2\/pages\/2\/revisions"}],"predecessor-version":[{"id":226,"href":"https:\/\/www.agasallo.cz\/index.php?rest_route=\/wp\/v2\/pages\/2\/revisions\/226"}],"wp:attachment":[{"href":"https:\/\/www.agasallo.cz\/index.php?rest_route=%2Fwp%2Fv2%2Fmedia&parent=2"}],"curies":[{"name":"wp","href":"https:\/\/api.w.org\/{rel}","templated":true}]}}